{"id":145,"date":"2020-08-03T21:37:05","date_gmt":"2020-08-03T19:37:05","guid":{"rendered":"http:\/\/petitescabines.fr\/?page_id=145"},"modified":"2021-07-01T09:22:13","modified_gmt":"2021-07-01T07:22:13","slug":"contact","status":"publish","type":"page","link":"https:\/\/petitescabines.fr\/index.php\/contact\/","title":{"rendered":"Contact"},"content":{"rendered":"\n<p style=\"text-align:center\" class=\"has-background has-white-background-color\"><strong>Notre g\u00eete et nos cabines vous donnent rendez-vous \u00e0 Gouville-sur-Mer.<\/strong><\/p>\n\n\n\n<p style=\"text-align:center\"><strong>Besoin d&rsquo;informations ou d&rsquo;une r\u00e9servation ? Contactez-nous!<\/strong><\/p>\n\n\n\n<p style=\"text-align:center\" class=\"has-text-color has-light-green-cyan-color\"><strong>Adeline &amp; Xavier +33(0)6 62 07 49 38<\/strong><\/p>\n\n\n\n<div style=\"height:27px\" aria-hidden=\"true\" class=\"wp-block-spacer\"><\/div>\n\n\n\n<figure class=\"wp-block-image\"><img alt=\"\"\/><\/figure>\n\n\n\n<div style=\"height:29px\" aria-hidden=\"true\" class=\"wp-block-spacer\"><\/div>\n\n\n\n<p><\/p>\n","protected":false},"excerpt":{"rendered":"<p>Notre g\u00eete et nos cabines vous donnent rendez-vous \u00e0 Gouville-sur-Mer. Besoin d&rsquo;informations ou d&rsquo;une r\u00e9servation ? Contactez-nous! Adeline &amp; Xavier +33(0)6 62 07 49 38<\/p>\n","protected":false},"author":1,"featured_media":121,"parent":0,"menu_order":0,"comment_status":"closed","ping_status":"closed","template":"","meta":[],"_links":{"self":[{"href":"https:\/\/petitescabines.fr\/index.php\/wp-json\/wp\/v2\/pages\/145"}],"collection":[{"href":"https:\/\/petitescabines.fr\/index.php\/wp-json\/wp\/v2\/pages"}],"about":[{"href":"https:\/\/petitescabines.fr\/index.php\/wp-json\/wp\/v2\/types\/page"}],"author":[{"embeddable":true,"href":"https:\/\/petitescabines.fr\/index.php\/wp-json\/wp\/v2\/users\/1"}],"replies":[{"embeddable":true,"href":"https:\/\/petitescabines.fr\/index.php\/wp-json\/wp\/v2\/comments?post=145"}],"version-history":[{"count":20,"href":"https:\/\/petitescabines.fr\/index.php\/wp-json\/wp\/v2\/pages\/145\/revisions"}],"predecessor-version":[{"id":839,"href":"https:\/\/petitescabines.fr\/index.php\/wp-json\/wp\/v2\/pages\/145\/revisions\/839"}],"wp:featuredmedia":[{"embeddable":true,"href":"https:\/\/petitescabines.fr\/index.php\/wp-json\/wp\/v2\/media\/121"}],"wp:attachment":[{"href":"https:\/\/petitescabines.fr\/index.php\/wp-json\/wp\/v2\/media?parent=145"}],"curies":[{"name":"wp","href":"https:\/\/api.w.org\/{rel}","templated":true}]}}